{"id":8025,"date":"2020-06-27T07:58:32","date_gmt":"2020-06-27T07:58:32","guid":{"rendered":"https:\/\/jcstreetmission.com\/which-church\/"},"modified":"2023-03-28T06:27:07","modified_gmt":"2023-03-28T06:27:07","slug":"which-church","status":"publish","type":"page","link":"https:\/\/jcstreetmission.com\/vi\/which-church\/","title":{"rendered":"Gi\u00e1o h\u1ed9i n\u00e0o?"},"content":{"rendered":"\t\t<div data-elementor-type=\"wp-page\" data-elementor-id=\"8025\" class=\"elementor elementor-8025 elementor-231\" data-elementor-post-type=\"page\">\n\t\t\t\t\t\t<section class=\"elementor-section elementor-top-section elementor-element elementor-element-6fb79ca0 elementor-section-stretched elementor-section-full_width elementor-section-height-min-height elementor-section-height-default elementor-section-items-middle\" data-id=\"6fb79ca0\" data-element_type=\"section\" data-e-type=\"section\" data-settings=\"{&quot;stretch_section&quot;:&quot;section-stretched&quot;,&quot;background_background&quot;:&quot;classic&quot;}\">\n\t\t\t\t\t\t\t<div class=\"elementor-background-overlay\"><\/div>\n\t\t\t\t\t\t\t<div class=\"elementor-container elementor-column-gap-default\">\n\t\t\t\t\t<div class=\"elementor-column elementor-col-100 elementor-top-column elementor-element elementor-element-6d7b7c6d\" data-id=\"6d7b7c6d\" data-element_type=\"column\" data-e-type=\"column\">\n\t\t\t<div class=\"elementor-widget-wrap elementor-element-populated\">\n\t\t\t\t\t\t\t<\/div>\n\t\t<\/div>\n\t\t\t\t\t<\/div>\n\t\t<\/section>\n\t\t\t\t<section class=\"elementor-section elementor-top-section elementor-element elementor-element-5e94588 elementor-reverse-mobile elementor-section-boxed elementor-section-height-default elementor-section-height-default\" data-id=\"5e94588\" data-element_type=\"section\" data-e-type=\"section\">\n\t\t\t\t\t\t<div class=\"elementor-container elementor-column-gap-default\">\n\t\t\t\t\t<div class=\"elementor-column elementor-col-100 elementor-top-column elementor-element elementor-element-a79e846\" data-id=\"a79e846\" data-element_type=\"column\" data-e-type=\"column\">\n\t\t\t<div class=\"elementor-widget-wrap elementor-element-populated\">\n\t\t\t\t\t\t<div class=\"elementor-element elementor-element-c4d45a0 elementor-widget elementor-widget-menu-anchor\" data-id=\"c4d45a0\" data-element_type=\"widget\" data-e-type=\"widget\" data-widget_type=\"menu-anchor.default\">\n\t\t\t\t<div class=\"elementor-widget-container\">\n\t\t\t\t\t\t\t<div class=\"elementor-menu-anchor\" id=\"Whichchurch\"><\/div>\n\t\t\t\t\t\t<\/div>\n\t\t\t\t<\/div>\n\t\t\t\t<section class=\"elementor-section elementor-inner-section elementor-element elementor-element-4a0d06c elementor-section-boxed elementor-section-height-default elementor-section-height-default\" data-id=\"4a0d06c\" data-element_type=\"section\" data-e-type=\"section\">\n\t\t\t\t\t\t<div class=\"elementor-container elementor-column-gap-default\">\n\t\t\t\t\t<div class=\"elementor-column elementor-col-50 elementor-inner-column elementor-element elementor-element-c553554\" data-id=\"c553554\" data-element_type=\"column\" data-e-type=\"column\">\n\t\t\t<div class=\"elementor-widget-wrap elementor-element-populated\">\n\t\t\t\t\t\t<div class=\"elementor-element elementor-element-69476484 elementor-widget elementor-widget-text-editor\" data-id=\"69476484\" data-element_type=\"widget\" data-e-type=\"widget\" data-widget_type=\"text-editor.default\">\n\t\t\t\t<div class=\"elementor-widget-container\">\n\t\t\t\t\t\t\t\t\t<p>S\u1ee9 m\u1ec7nh n\u00e0y kh\u00f4ng \u0111\u01b0\u1ee3c \u0111\u1ea1i di\u1ec7n b\u1edfi m\u1ed9t gi\u00e1o h\u1ed9i hay t\u1ed5 ch\u1ee9c t\u00f4n gi\u00e1o \u0111\u1ed9c quy\u1ec1n n\u00e0o c\u1ea3, nh\u01b0ng h\u1ee3p nh\u1ea5t v\u1edbi to\u00e0n th\u1ec3 c\u1ed9ng \u0111\u1ed3ng C\u01a1 \u0110\u1ed1c Nh\u00e2n r\u1ed9ng l\u1edbn qua l\u1eddi c\u00f4ng b\u1ed1 c\u1ee7a Ch\u00faa J\u00easus Christ, \u0110\u1ea5ng C\u1ee9u Th\u1ebf cho to\u00e0n nh\u00e2n lo\u1ea1i. C\u01a1 \u0110\u1ed1c Nh\u00e2n trong t\u1ea5t c\u1ea3 c\u00e1c c\u1ed9ng \u0111\u1ed3ng \u0111\u1ec1u l\u00e0 anh ch\u1ecb em c\u1ee7a nhau trong Ch\u00faa J\u00easus n\u1ebfu h\u1ecd \u0111\u1ec1u tin nh\u1eadn Ng\u00e0i.<\/p>\n\t\t\t\t\t\t\t\t<\/div>\n\t\t\t\t<\/div>\n\t\t\t\t<div class=\"elementor-element elementor-element-f7b6367 elementor-widget elementor-widget-text-editor\" data-id=\"f7b6367\" data-element_type=\"widget\" data-e-type=\"widget\" data-widget_type=\"text-editor.default\">\n\t\t\t\t<div class=\"elementor-widget-container\">\n\t\t\t\t\t\t\t\t\t<p>H\u1ed9i Th\u00e1nh th\u1ef1c s\u1ef1 kh\u00f4ng ph\u1ea3i l\u00e0 H\u1ed9i Th\u00e1nh h\u1eefu h\u00ecnh m\u00e0 b\u1ea1n c\u00f3 th\u1ec3 th\u1ea5y b\u1eb1ng m\u1eaft. H\u1ed9i Th\u00e1nh th\u1ef1c s\u1ef1 l\u00e0 v\u00f4 h\u00ecnh v\u00e0 s\u1ed1ng b\u00ean trong t\u1ea5t c\u1ea3 nh\u1eefng ai tin nh\u1eadn Ch\u00faa J\u00easus l\u00e0m C\u1ee9u Ch\u00faa. Trong H\u1ed9i Th\u00e1nh n\u00e0y c\u00f3 nhi\u1ec1u ng\u01b0\u1eddi v\u1ed1n c\u00f3 lai l\u1ecbch l\u00e0 ng\u01b0\u1eddi Tin L\u00e0nh, Anh Gi\u00e1o, Tin L\u00e0nh truy\u1ec1n th\u1ed1ng, C\u00f4ng Gi\u00e1o, Ch\u00ednh Th\u1ed1ng Gi\u00e1o, v.v. v\u00e0 c\u1ea3 nh\u1eefng ng\u01b0\u1eddi kh\u00f4ng thu\u1ed9c v\u1ec1 c\u1ed9ng \u0111\u1ed3ng C\u01a1 \u0110\u1ed1c Gi\u00e1o. H\u1ed9i Th\u00e1nh v\u00f4 h\u00ecnh l\u00e0 v\u01b0\u01a1ng qu\u1ed1c c\u1ee7a Ch\u00faa tr\u00ean \u0111\u1ea5t v\u00e0 Th\u00e1nh Linh c\u1ee7a Ch\u00faa ng\u1ef1 trong t\u1ea5m l\u00f2ng c\u1ee7a nh\u1eefng ai thu\u1ed9c v\u1ec1 H\u1ed9i Th\u00e1nh n\u00e0y, theo Kinh Th\u00e1nh.<\/p>\n\t\t\t\t\t\t\t\t<\/div>\n\t\t\t\t<\/div>\n\t\t\t\t<div class=\"elementor-element elementor-element-c58d620 elementor-widget elementor-widget-text-editor\" data-id=\"c58d620\" data-element_type=\"widget\" data-e-type=\"widget\" data-widget_type=\"text-editor.default\">\n\t\t\t\t<div class=\"elementor-widget-container\">\n\t\t\t\t\t\t\t\t\t<p>Ch\u00faa J\u00easus no\u0301i <i> \u201cN\u01b0\u1edbc \u0110\u1ee9c Ch\u00faa Tr\u1eddi kh\u00f4ng \u0111\u1ebfn c\u00e1ch r\u00f5 r\u00e0ng, v\u00e0 ng\u01b0\u1eddi ta s\u1ebd kh\u00f4ng n\u00f3i: \u1ede \u0111\u00e2y; hay l\u00e0: \u1ede \u0111\u00f3; v\u00ec n\u1ea7y, n\u01b0\u1edbc \u0110\u1ee9c Ch\u00faa Tr\u1eddi \u1edf trong c\u00e1c ng\u01b0\u01a1i.\u201d <\/i> (Lu-ca 17:20-21)<\/p>\n\t\t\t\t\t\t\t\t<\/div>\n\t\t\t\t<\/div>\n\t\t\t\t<div class=\"elementor-element elementor-element-b3284e9 elementor-widget elementor-widget-text-editor\" data-id=\"b3284e9\" data-element_type=\"widget\" data-e-type=\"widget\" data-widget_type=\"text-editor.default\">\n\t\t\t\t<div class=\"elementor-widget-container\">\n\t\t\t\t\t\t\t\t\t<p>Tuy nhi\u00ean, ch\u00fang t\u00f4i khuy\u00ean to\u00e0n th\u1ec3 C\u01a1 \u0110\u1ed1c Nh\u00e2n n\u00ean l\u00e0 th\u00e0nh vi\u00ean c\u1ee7a m\u1ed9t H\u1ed9i Th\u00e1nh C\u01a1 \u0110\u1ed1c t\u1ed1t l\u00e0nh; \u0111\u1ec3 th\u00f4ng c\u00f4ng v\u1edbi c\u00e1c C\u01a1 \u0110\u1ed1c Nh\u00e2n kh\u00e1c, chia s\u1ebb L\u1eddi Ch\u00faa, d\u1ef1 Ti\u1ec7c Th\u00e1nh, v.v.<\/p>\n\t\t\t\t\t\t\t\t<\/div>\n\t\t\t\t<\/div>\n\t\t\t\t<div class=\"elementor-element elementor-element-0a581bf elementor-widget elementor-widget-text-editor\" data-id=\"0a581bf\" data-element_type=\"widget\" data-e-type=\"widget\" data-widget_type=\"text-editor.default\">\n\t\t\t\t<div class=\"elementor-widget-container\">\n\t\t\t\t\t\t\t\t\t<p>S\u1ee9 m\u1ec7nh n\u00e0y c\u01b0\u01a1ng quy\u1ebft kh\u00f4ng can d\u1ef1 hay li\u00ean \u0111\u1edbi g\u00ec v\u1edbi c\u00e1c t\u1ed5 ch\u1ee9c t\u00f4n gi\u00e1o hay gi\u00e1o h\u1ed9i th\u1ebf t\u1ee5c m\u1ea1o danh C\u01a1 \u0110\u1ed1c Gi\u00e1o, t\u1ee9c l\u00e0 c\u00e1c gi\u00e1o h\u1ed9i hay t\u1ed5 ch\u1ee9c t\u1ef1 \u00fd th\u00eam hay b\u1edbt v\u00e0o L\u1eddi Ch\u00faa v\u00e0 c\u00e1c t\u1ed5 ch\u1ee9c ch\u1ed1i b\u1ecf Ch\u00faa J\u00easus l\u00e0 con \u0111\u01b0\u1eddng duy nh\u1ea5t \u0111\u1ebfn v\u1edbi \u0110\u1ee9c Ch\u00faa Tr\u1eddi.<\/p>\n\t\t\t\t\t\t\t\t<\/div>\n\t\t\t\t<\/div>\n\t\t\t\t\t<\/div>\n\t\t<\/div>\n\t\t\t\t<div class=\"elementor-column elementor-col-50 elementor-inner-column elementor-element elementor-element-dbe0d78\" data-id=\"dbe0d78\" data-element_type=\"column\" data-e-type=\"column\">\n\t\t\t<div class=\"elementor-widget-wrap elementor-element-populated\">\n\t\t\t\t\t\t<div class=\"elementor-element elementor-element-60fc74f elementor-widget elementor-widget-image\" data-id=\"60fc74f\" data-element_type=\"widget\" data-e-type=\"widget\" data-widget_type=\"image.default\">\n\t\t\t\t<div class=\"elementor-widget-container\">\n\t\t\t\t\t\t\t\t\t\t\t\t\t\t\t<img fetchpriority=\"high\" decoding=\"async\" width=\"430\" height=\"781\" src=\"https:\/\/jcstreetmission.com\/wp-content\/uploads\/2020\/07\/Which-church-globus-1-1.jpg\" class=\"attachment-medium_large size-medium_large wp-image-7360\" alt=\"\" srcset=\"https:\/\/jcstreetmission.com\/wp-content\/uploads\/2020\/07\/Which-church-globus-1-1.jpg 430w, https:\/\/jcstreetmission.com\/wp-content\/uploads\/2020\/07\/Which-church-globus-1-1-165x300.jpg 165w\" sizes=\"(max-width: 430px) 100vw, 430px\" \/>\t\t\t\t\t\t\t\t\t\t\t\t\t\t\t<\/div>\n\t\t\t\t<\/div>\n\t\t\t\t\t<\/div>\n\t\t<\/div>\n\t\t\t\t\t<\/div>\n\t\t<\/section>\n\t\t\t\t\t<\/div>\n\t\t<\/div>\n\t\t\t\t\t<\/div>\n\t\t<\/section>\n\t\t\t\t<\/div>\n\t\t","protected":false},"excerpt":{"rendered":"<p>S\u1ee9 m\u1ec7nh n\u00e0y kh\u00f4ng \u0111\u01b0\u1ee3c \u0111\u1ea1i di\u1ec7n b\u1edfi m\u1ed9t gi\u00e1o h\u1ed9i hay t\u1ed5 ch\u1ee9c t\u00f4n gi\u00e1o \u0111\u1ed9c quy\u1ec1n n\u00e0o c\u1ea3, nh\u01b0ng h\u1ee3p nh\u1ea5t v\u1edbi to\u00e0n th\u1ec3 c\u1ed9ng \u0111\u1ed3ng C\u01a1 \u0110\u1ed1c Nh\u00e2n r\u1ed9ng l\u1edbn qua l\u1eddi c\u00f4ng b\u1ed1 c\u1ee7a Ch\u00faa J\u00easus Christ, \u0110\u1ea5ng C\u1ee9u Th\u1ebf cho to\u00e0n nh\u00e2n lo\u1ea1i. C\u01a1 \u0110\u1ed1c Nh\u00e2n trong t\u1ea5t c\u1ea3 c\u00e1c [&hellip;]<\/p>\n","protected":false},"author":1,"featured_media":7249,"parent":0,"menu_order":0,"comment_status":"closed","ping_status":"closed","template":"","meta":{"ocean_post_layout":"full-width","ocean_both_sidebars_style":"","ocean_both_sidebars_content_width":0,"ocean_both_sidebars_sidebars_width":0,"ocean_sidebar":"0","ocean_second_sidebar":"0","ocean_disable_margins":"enable","ocean_add_body_class":"","ocean_shortcode_before_top_bar":"","ocean_shortcode_after_top_bar":"","ocean_shortcode_before_header":"","ocean_shortcode_after_header":"","ocean_has_shortcode":"","ocean_shortcode_after_title":"","ocean_shortcode_before_footer_widgets":"","ocean_shortcode_after_footer_widgets":"","ocean_shortcode_before_footer_bottom":"","ocean_shortcode_after_footer_bottom":"","ocean_display_top_bar":"default","ocean_display_header":"default","ocean_header_style":"","ocean_center_header_left_menu":"0","ocean_custom_header_template":"0","ocean_custom_logo":0,"ocean_custom_retina_logo":0,"ocean_custom_logo_max_width":0,"ocean_custom_logo_tablet_max_width":0,"ocean_custom_logo_mobile_max_width":0,"ocean_custom_logo_max_height":0,"ocean_custom_logo_tablet_max_height":0,"ocean_custom_logo_mobile_max_height":0,"ocean_header_custom_menu":"0","ocean_menu_typo_font_family":"0","ocean_menu_typo_font_subset":"","ocean_menu_typo_font_size":0,"ocean_menu_typo_font_size_tablet":0,"ocean_menu_typo_font_size_mobile":0,"ocean_menu_typo_font_size_unit":"px","ocean_menu_typo_font_weight":"","ocean_menu_typo_font_weight_tablet":"","ocean_menu_typo_font_weight_mobile":"","ocean_menu_typo_transform":"","ocean_menu_typo_transform_tablet":"","ocean_menu_typo_transform_mobile":"","ocean_menu_typo_line_height":0,"ocean_menu_typo_line_height_tablet":0,"ocean_menu_typo_line_height_mobile":0,"ocean_menu_typo_line_height_unit":"","ocean_menu_typo_spacing":0,"ocean_menu_typo_spacing_tablet":0,"ocean_menu_typo_spacing_mobile":0,"ocean_menu_typo_spacing_unit":"","ocean_menu_link_color":"","ocean_menu_link_color_hover":"","ocean_menu_link_color_active":"","ocean_menu_link_background":"","ocean_menu_link_hover_background":"","ocean_menu_link_active_background":"","ocean_menu_social_links_bg":"","ocean_menu_social_hover_links_bg":"","ocean_menu_social_links_color":"","ocean_menu_social_hover_links_color":"","ocean_disable_title":"default","ocean_disable_heading":"default","ocean_post_title":"","ocean_post_subheading":"","ocean_post_title_style":"","ocean_post_title_background_color":"","ocean_post_title_background":0,"ocean_post_title_bg_image_position":"","ocean_post_title_bg_image_attachment":"","ocean_post_title_bg_image_repeat":"","ocean_post_title_bg_image_size":"","ocean_post_title_height":0,"ocean_post_title_bg_overlay":0.5,"ocean_post_title_bg_overlay_color":"","ocean_disable_breadcrumbs":"default","ocean_breadcrumbs_color":"","ocean_breadcrumbs_separator_color":"","ocean_breadcrumbs_links_color":"","ocean_breadcrumbs_links_hover_color":"","ocean_display_footer_widgets":"default","ocean_display_footer_bottom":"default","ocean_custom_footer_template":"0","footnotes":""},"class_list":["post-8025","page","type-page","status-publish","has-post-thumbnail","hentry","entry","has-media"],"_links":{"self":[{"href":"https:\/\/jcstreetmission.com\/vi\/wp-json\/wp\/v2\/pages\/8025","targetHints":{"allow":["GET"]}}],"collection":[{"href":"https:\/\/jcstreetmission.com\/vi\/wp-json\/wp\/v2\/pages"}],"about":[{"href":"https:\/\/jcstreetmission.com\/vi\/wp-json\/wp\/v2\/types\/page"}],"author":[{"embeddable":true,"href":"https:\/\/jcstreetmission.com\/vi\/wp-json\/wp\/v2\/users\/1"}],"replies":[{"embeddable":true,"href":"https:\/\/jcstreetmission.com\/vi\/wp-json\/wp\/v2\/comments?post=8025"}],"version-history":[{"count":15,"href":"https:\/\/jcstreetmission.com\/vi\/wp-json\/wp\/v2\/pages\/8025\/revisions"}],"predecessor-version":[{"id":8746,"href":"https:\/\/jcstreetmission.com\/vi\/wp-json\/wp\/v2\/pages\/8025\/revisions\/8746"}],"wp:featuredmedia":[{"embeddable":true,"href":"https:\/\/jcstreetmission.com\/vi\/wp-json\/wp\/v2\/media\/7249"}],"wp:attachment":[{"href":"https:\/\/jcstreetmission.com\/vi\/wp-json\/wp\/v2\/media?parent=8025"}],"curies":[{"name":"wp","href":"https:\/\/api.w.org\/{rel}","templated":true}]}}