{"id":1711,"date":"2020-08-04T08:10:56","date_gmt":"2020-08-04T08:10:56","guid":{"rendered":"https:\/\/ff7bbcf14b.nxcli.net\/quelle-eglise\/"},"modified":"2023-03-28T06:01:26","modified_gmt":"2023-03-28T06:01:26","slug":"quelle-eglise","status":"publish","type":"page","link":"https:\/\/jcstreetmission.com\/fr\/quelle-eglise\/","title":{"rendered":"Quelle \u00e9glise?"},"content":{"rendered":"\t\t<div data-elementor-type=\"wp-page\" data-elementor-id=\"1711\" class=\"elementor elementor-1711 elementor-231\" data-elementor-post-type=\"page\">\n\t\t\t\t\t\t<section class=\"elementor-section elementor-top-section elementor-element elementor-element-6fb79ca0 elementor-section-stretched elementor-section-full_width elementor-section-height-min-height elementor-section-height-default elementor-section-items-middle\" data-id=\"6fb79ca0\" data-element_type=\"section\" data-e-type=\"section\" data-settings=\"{&quot;stretch_section&quot;:&quot;section-stretched&quot;,&quot;background_background&quot;:&quot;classic&quot;}\">\n\t\t\t\t\t\t\t<div class=\"elementor-background-overlay\"><\/div>\n\t\t\t\t\t\t\t<div class=\"elementor-container elementor-column-gap-default\">\n\t\t\t\t\t<div class=\"elementor-column elementor-col-100 elementor-top-column elementor-element elementor-element-6d7b7c6d\" data-id=\"6d7b7c6d\" data-element_type=\"column\" data-e-type=\"column\">\n\t\t\t<div class=\"elementor-widget-wrap elementor-element-populated\">\n\t\t\t\t\t\t\t<\/div>\n\t\t<\/div>\n\t\t\t\t\t<\/div>\n\t\t<\/section>\n\t\t\t\t<section class=\"elementor-section elementor-top-section elementor-element elementor-element-5e94588 elementor-reverse-mobile elementor-section-boxed elementor-section-height-default elementor-section-height-default\" data-id=\"5e94588\" data-element_type=\"section\" data-e-type=\"section\">\n\t\t\t\t\t\t<div class=\"elementor-container elementor-column-gap-default\">\n\t\t\t\t\t<div class=\"elementor-column elementor-col-100 elementor-top-column elementor-element elementor-element-a79e846\" data-id=\"a79e846\" data-element_type=\"column\" data-e-type=\"column\">\n\t\t\t<div class=\"elementor-widget-wrap elementor-element-populated\">\n\t\t\t\t\t\t<div class=\"elementor-element elementor-element-c4d45a0 elementor-widget elementor-widget-menu-anchor\" data-id=\"c4d45a0\" data-element_type=\"widget\" data-e-type=\"widget\" data-widget_type=\"menu-anchor.default\">\n\t\t\t\t<div class=\"elementor-widget-container\">\n\t\t\t\t\t\t\t<div class=\"elementor-menu-anchor\" id=\"Whichchurch\"><\/div>\n\t\t\t\t\t\t<\/div>\n\t\t\t\t<\/div>\n\t\t\t\t<section class=\"elementor-section elementor-inner-section elementor-element elementor-element-4a0d06c elementor-section-boxed elementor-section-height-default elementor-section-height-default\" data-id=\"4a0d06c\" data-element_type=\"section\" data-e-type=\"section\">\n\t\t\t\t\t\t<div class=\"elementor-container elementor-column-gap-default\">\n\t\t\t\t\t<div class=\"elementor-column elementor-col-50 elementor-inner-column elementor-element elementor-element-c553554\" data-id=\"c553554\" data-element_type=\"column\" data-e-type=\"column\">\n\t\t\t<div class=\"elementor-widget-wrap elementor-element-populated\">\n\t\t\t\t\t\t<div class=\"elementor-element elementor-element-69476484 elementor-widget elementor-widget-text-editor\" data-id=\"69476484\" data-element_type=\"widget\" data-e-type=\"widget\" data-widget_type=\"text-editor.default\">\n\t\t\t\t<div class=\"elementor-widget-container\">\n\t\t\t\t\t\t\t\t\t<p>Cette mission ne repr\u00e9sente pas une \u00e9glise uniforme ou une organisation mais s\u2019est jointe \u00e0 toutes les grandes communaut\u00e9s chr\u00e9tiennes qui proclament que J\u00e9sus est le sauveur du monde. Les chr\u00e9tiens de toutes les soci\u00e9t\u00e9s qui croient en J\u00e9sus sont nos fr\u00e8res et soeurs.<span class=\"Apple-converted-space\">\u00a0<\/span><\/p>\n\t\t\t\t\t\t\t\t<\/div>\n\t\t\t\t<\/div>\n\t\t\t\t<div class=\"elementor-element elementor-element-f7b6367 elementor-widget elementor-widget-text-editor\" data-id=\"f7b6367\" data-element_type=\"widget\" data-e-type=\"widget\" data-widget_type=\"text-editor.default\">\n\t\t\t\t<div class=\"elementor-widget-container\">\n\t\t\t\t\t\t\t\t\t<p>Cette v\u00e9ritable \u00e9glise n\u2019est en fait pas une \u00e9glise visible que vous pouvez voir de vos yeux. La v\u00e9ritable \u00e9glise est invisible et vit \u00e0 l\u2019int\u00e9rieur de ceux qui croient en J\u00e9sus comme leur sauveur. Dans cette \u00e9glise, il y a beaucoup de protestants, d\u2019\u00e9vang\u00e9liques, d\u2019anglicans, de catholiques, d\u2019orthodoxes, etc. et m\u00eame des membres qui n\u2019appartiennent \u00e0 aucune communaut\u00e9 chr\u00e9tienne du tout. L\u2019\u00e9glise invisible est le royaume de Dieu sur terre et le Saint-Esprit vit dans le c\u0153ur de ceux qui font partie de cette \u00e9glise, selon la Bible.<\/p>\n\t\t\t\t\t\t\t\t<\/div>\n\t\t\t\t<\/div>\n\t\t\t\t<div class=\"elementor-element elementor-element-c58d620 elementor-widget elementor-widget-text-editor\" data-id=\"c58d620\" data-element_type=\"widget\" data-e-type=\"widget\" data-widget_type=\"text-editor.default\">\n\t\t\t\t<div class=\"elementor-widget-container\">\n\t\t\t\t\t\t\t\t\t<p><i>J\u00e9sus a dit\u00a0: \u201cLe royaume de Dieu ne viendra pas de fa\u00e7on visible. On ne dira pas: \u00abVenez, il est ici\u00bb, ou: \u00abIl est l\u00e0\u00bb, car, notez-le bien, le royaume de Dieu est parmi vous.\u201d( Luc 17, 20-21)<\/i><\/p>\n\t\t\t\t\t\t\t\t<\/div>\n\t\t\t\t<\/div>\n\t\t\t\t<div class=\"elementor-element elementor-element-b3284e9 elementor-widget elementor-widget-text-editor\" data-id=\"b3284e9\" data-element_type=\"widget\" data-e-type=\"widget\" data-widget_type=\"text-editor.default\">\n\t\t\t\t<div class=\"elementor-widget-container\">\n\t\t\t\t\t\t\t\t\t<p>Il est cependant vivement recommand\u00e9 pour tous les chr\u00e9tiens de faire aussi partie d\u2019une bonne congr\u00e9gation\/\u00e9glise; pour partager la communion avec d\u2019autres chr\u00e9tiens, en partageant la Parole de Dieu, la Communion, etc.<\/p>\n\t\t\t\t\t\t\t\t<\/div>\n\t\t\t\t<\/div>\n\t\t\t\t<div class=\"elementor-element elementor-element-0a581bf elementor-widget elementor-widget-text-editor\" data-id=\"0a581bf\" data-element_type=\"widget\" data-e-type=\"widget\" data-widget_type=\"text-editor.default\">\n\t\t\t\t<div class=\"elementor-widget-container\">\n\t\t\t\t\t\t\t\t\t<p>Cette mission se dissocie vivement des communaut\u00e9s d\u2019\u00e9glises sectaires qui ajoutent ou enl\u00e8vent des mots dans les Evangiles de la Bible et qui nient que J\u00e9sus seul est le seul chemin vers Dieu.<\/p>\n\t\t\t\t\t\t\t\t<\/div>\n\t\t\t\t<\/div>\n\t\t\t\t\t<\/div>\n\t\t<\/div>\n\t\t\t\t<div class=\"elementor-column elementor-col-50 elementor-inner-column elementor-element elementor-element-dbe0d78\" data-id=\"dbe0d78\" data-element_type=\"column\" data-e-type=\"column\">\n\t\t\t<div class=\"elementor-widget-wrap elementor-element-populated\">\n\t\t\t\t\t\t<div class=\"elementor-element elementor-element-60fc74f elementor-widget elementor-widget-image\" data-id=\"60fc74f\" data-element_type=\"widget\" data-e-type=\"widget\" data-widget_type=\"image.default\">\n\t\t\t\t<div class=\"elementor-widget-container\">\n\t\t\t\t\t\t\t\t\t\t\t\t\t\t\t<img fetchpriority=\"high\" decoding=\"async\" width=\"430\" height=\"781\" src=\"https:\/\/jcstreetmission.com\/wp-content\/uploads\/2020\/07\/Which-church-globus-1-1.jpg\" class=\"attachment-medium_large size-medium_large wp-image-1135\" alt=\"\" srcset=\"https:\/\/jcstreetmission.com\/wp-content\/uploads\/2020\/07\/Which-church-globus-1-1.jpg 430w, https:\/\/jcstreetmission.com\/wp-content\/uploads\/2020\/07\/Which-church-globus-1-1-165x300.jpg 165w\" sizes=\"(max-width: 430px) 100vw, 430px\" \/>\t\t\t\t\t\t\t\t\t\t\t\t\t\t\t<\/div>\n\t\t\t\t<\/div>\n\t\t\t\t\t<\/div>\n\t\t<\/div>\n\t\t\t\t\t<\/div>\n\t\t<\/section>\n\t\t\t\t\t<\/div>\n\t\t<\/div>\n\t\t\t\t\t<\/div>\n\t\t<\/section>\n\t\t\t\t<\/div>\n\t\t","protected":false},"excerpt":{"rendered":"<p>Cette mission ne repr\u00e9sente pas une \u00e9glise uniforme ou une organisation mais s\u2019est jointe \u00e0 toutes les grandes communaut\u00e9s chr\u00e9tiennes qui proclament que J\u00e9sus est le sauveur du monde. Les chr\u00e9tiens de toutes les soci\u00e9t\u00e9s qui croient en J\u00e9sus sont nos fr\u00e8res et soeurs.\u00a0 Cette v\u00e9ritable \u00e9glise n\u2019est en fait pas une \u00e9glise visible que [&hellip;]<\/p>\n","protected":false},"author":1,"featured_media":862,"parent":0,"menu_order":0,"comment_status":"closed","ping_status":"closed","template":"","meta":{"ocean_post_layout":"full-width","ocean_both_sidebars_style":"","ocean_both_sidebars_content_width":0,"ocean_both_sidebars_sidebars_width":0,"ocean_sidebar":"0","ocean_second_sidebar":"0","ocean_disable_margins":"enable","ocean_add_body_class":"","ocean_shortcode_before_top_bar":"","ocean_shortcode_after_top_bar":"","ocean_shortcode_before_header":"","ocean_shortcode_after_header":"","ocean_has_shortcode":"","ocean_shortcode_after_title":"","ocean_shortcode_before_footer_widgets":"","ocean_shortcode_after_footer_widgets":"","ocean_shortcode_before_footer_bottom":"","ocean_shortcode_after_footer_bottom":"","ocean_display_top_bar":"default","ocean_display_header":"default","ocean_header_style":"","ocean_center_header_left_menu":"0","ocean_custom_header_template":"0","ocean_custom_logo":0,"ocean_custom_retina_logo":0,"ocean_custom_logo_max_width":0,"ocean_custom_logo_tablet_max_width":0,"ocean_custom_logo_mobile_max_width":0,"ocean_custom_logo_max_height":0,"ocean_custom_logo_tablet_max_height":0,"ocean_custom_logo_mobile_max_height":0,"ocean_header_custom_menu":"0","ocean_menu_typo_font_family":"0","ocean_menu_typo_font_subset":"","ocean_menu_typo_font_size":0,"ocean_menu_typo_font_size_tablet":0,"ocean_menu_typo_font_size_mobile":0,"ocean_menu_typo_font_size_unit":"px","ocean_menu_typo_font_weight":"","ocean_menu_typo_font_weight_tablet":"","ocean_menu_typo_font_weight_mobile":"","ocean_menu_typo_transform":"","ocean_menu_typo_transform_tablet":"","ocean_menu_typo_transform_mobile":"","ocean_menu_typo_line_height":0,"ocean_menu_typo_line_height_tablet":0,"ocean_menu_typo_line_height_mobile":0,"ocean_menu_typo_line_height_unit":"","ocean_menu_typo_spacing":0,"ocean_menu_typo_spacing_tablet":0,"ocean_menu_typo_spacing_mobile":0,"ocean_menu_typo_spacing_unit":"","ocean_menu_link_color":"","ocean_menu_link_color_hover":"","ocean_menu_link_color_active":"","ocean_menu_link_background":"","ocean_menu_link_hover_background":"","ocean_menu_link_active_background":"","ocean_menu_social_links_bg":"","ocean_menu_social_hover_links_bg":"","ocean_menu_social_links_color":"","ocean_menu_social_hover_links_color":"","ocean_disable_title":"default","ocean_disable_heading":"default","ocean_post_title":"","ocean_post_subheading":"","ocean_post_title_style":"","ocean_post_title_background_color":"","ocean_post_title_background":0,"ocean_post_title_bg_image_position":"","ocean_post_title_bg_image_attachment":"","ocean_post_title_bg_image_repeat":"","ocean_post_title_bg_image_size":"","ocean_post_title_height":0,"ocean_post_title_bg_overlay":0.5,"ocean_post_title_bg_overlay_color":"","ocean_disable_breadcrumbs":"default","ocean_breadcrumbs_color":"","ocean_breadcrumbs_separator_color":"","ocean_breadcrumbs_links_color":"","ocean_breadcrumbs_links_hover_color":"","ocean_display_footer_widgets":"default","ocean_display_footer_bottom":"default","ocean_custom_footer_template":"0","footnotes":""},"class_list":["post-1711","page","type-page","status-publish","has-post-thumbnail","hentry","entry","has-media"],"_links":{"self":[{"href":"https:\/\/jcstreetmission.com\/fr\/wp-json\/wp\/v2\/pages\/1711","targetHints":{"allow":["GET"]}}],"collection":[{"href":"https:\/\/jcstreetmission.com\/fr\/wp-json\/wp\/v2\/pages"}],"about":[{"href":"https:\/\/jcstreetmission.com\/fr\/wp-json\/wp\/v2\/types\/page"}],"author":[{"embeddable":true,"href":"https:\/\/jcstreetmission.com\/fr\/wp-json\/wp\/v2\/users\/1"}],"replies":[{"embeddable":true,"href":"https:\/\/jcstreetmission.com\/fr\/wp-json\/wp\/v2\/comments?post=1711"}],"version-history":[{"count":8,"href":"https:\/\/jcstreetmission.com\/fr\/wp-json\/wp\/v2\/pages\/1711\/revisions"}],"predecessor-version":[{"id":6121,"href":"https:\/\/jcstreetmission.com\/fr\/wp-json\/wp\/v2\/pages\/1711\/revisions\/6121"}],"wp:featuredmedia":[{"embeddable":true,"href":"https:\/\/jcstreetmission.com\/fr\/wp-json\/wp\/v2\/media\/862"}],"wp:attachment":[{"href":"https:\/\/jcstreetmission.com\/fr\/wp-json\/wp\/v2\/media?parent=1711"}],"curies":[{"name":"wp","href":"https:\/\/api.w.org\/{rel}","templated":true}]}}